{"id":4969,"date":"2022-06-03T15:33:15","date_gmt":"2022-06-03T13:33:15","guid":{"rendered":"https:\/\/lux-mundi.co\/politique-de-confidentialite\/"},"modified":"2022-06-03T15:33:15","modified_gmt":"2022-06-03T13:33:15","slug":"politique-de-confidentialite","status":"publish","type":"page","link":"https:\/\/lux-mundi.co\/fr\/politique-de-confidentialite\/","title":{"rendered":"Politique de confidentialit\u00e9"},"content":{"rendered":"<h3>Qui sommes nous? Qui sommes nous?<\/h3>\n<p>L&rsquo;adresse de notre site internet est : https:\/\/lux.mundi.fr<\/p>\n<p>Utilisation des donn\u00e9es personnelles collect\u00e9es<br \/>\nCommentaires sur le rapport<br \/>\nLorsque vous laissez un commentaire sur notre site, les donn\u00e9es saisies dans le formulaire de commentaire, mais \u00e9galement votre adresse IP et l&rsquo;agent utilisateur de votre navigateur sont collect\u00e9es pour nous aider \u00e0 d\u00e9tecter les commentaires ind\u00e9sirables.<\/p>\n<p>Une cha\u00eene anonyme cr\u00e9\u00e9e \u00e0 partir de votre adresse e-mail (\u00e9galement appel\u00e9e hachage) peut \u00eatre envoy\u00e9e au service Gravatar pour v\u00e9rifier si vous l&rsquo;utilisez. La politique de confidentialit\u00e9 du service Gravatar est disponible ici : https:\/\/automattic.com\/privacy\/. Apr\u00e8s validation de votre commentaire, votre photo de profil sera visible publiquement \u00e0 c\u00f4t\u00e9 de votre commentaire.<\/p>\n<h3>M\u00e9dias et m\u00e9dias<\/h3>\n<p>Si vous \u00eates un utilisateur enregistr\u00e9 et t\u00e9l\u00e9chargez des images sur le site Web, nous vous conseillons d&rsquo;\u00e9viter de t\u00e9l\u00e9charger des images contenant des donn\u00e9es de coordonn\u00e9es GPS EXIF. Les visiteurs de votre site Web peuvent t\u00e9l\u00e9charger et extraire des donn\u00e9es de localisation \u00e0 partir de ces images.<\/p>\n<h3>Formulaires de contact pour le contact<br \/>\nBiscuits<\/h3>\n<p>Si vous laissez un commentaire sur notre site, il vous sera demand\u00e9 d&rsquo;enregistrer votre nom, votre adresse e-mail et votre site Web dans des cookies. Ceci est uniquement pour votre commodit\u00e9 afin que vous n&rsquo;ayez pas \u00e0 saisir ces informations si vous laissez un autre commentaire plus tard. Ces cookies expirent apr\u00e8s un an.<\/p>\n<p>Si vous avez un compte et que vous vous connectez \u00e0 ce site, un cookie temporaire sera cr\u00e9\u00e9 pour d\u00e9terminer si votre navigateur accepte les cookies. Il ne contient aucune donn\u00e9e personnelle et sera supprim\u00e9 automatiquement \u00e0 la fermeture de votre navigateur.<\/p>\n<p>Lorsque vous vous connectez, nous installons un certain nombre de cookies pour stocker vos informations de connexion et vos pr\u00e9f\u00e9rences d&rsquo;\u00e9cran. La dur\u00e9e de vie d&rsquo;un cookie de connexion est de deux jours, celle d&rsquo;un cookie d&rsquo;option d&rsquo;\u00e9cran est d&rsquo;un an. Si vous cochez \u00ab Se souvenir de moi \u00bb, votre cookie de connexion sera conserv\u00e9 pendant deux semaines. Si vous vous d\u00e9connectez de votre compte, le cookie de connexion sera supprim\u00e9.<\/p>\n<p>En modifiant ou en publiant un article, un cookie suppl\u00e9mentaire sera stock\u00e9 dans votre navigateur. Ce cookie ne contient aucune donn\u00e9e personnelle. Il indique simplement l&rsquo;ID de l&rsquo;\u00e9l\u00e9ment que vous venez de modifier. Il expire apr\u00e8s un jour.<\/p>\n<h3>Contenu int\u00e9gr\u00e9 d&rsquo;autres sites<\/h3>\n<p>Les articles de ce site peuvent inclure des contenus int\u00e9gr\u00e9s (par exemple des vid\u00e9os, des images, des articles\u2026). Le contenu int\u00e9gr\u00e9 \u00e0 partir d&rsquo;autres sites se comporte de la m\u00eame mani\u00e8re que si le visiteur visitait cet autre site.<\/p>\n<p>Ces sites internet peuvent collecter des donn\u00e9es vous concernant, utiliser des cookies, embarquer des outils de suivi tiers, suivre vos interactions avec ces contenus embarqu\u00e9s si vous avez un compte connect\u00e9 sur leur site internet.<\/p>\n<h3>Statistiques et mesures d&rsquo;audience<\/h3>\n<h3>\nUtilisation et transmission de vos donn\u00e9es personnelles<\/h3>\n<h3>\nCombien de temps vos donn\u00e9es sont stock\u00e9es<\/h3>\n<p>Si vous laissez un commentaire, le commentaire et ses m\u00e9tadonn\u00e9es sont conserv\u00e9s ind\u00e9finiment. Cela vous permet de reconna\u00eetre et d&rsquo;approuver automatiquement les commentaires suivants au lieu de les laisser dans la file d&rsquo;attente de mod\u00e9ration.<\/p>\n<p>Pour les utilisateurs qui s&rsquo;inscrivent sur notre site (si possible), nous stockons \u00e9galement les donn\u00e9es personnelles indiqu\u00e9es dans leur profil. Tout utilisateur peut consulter, modifier ou supprimer \u00e0 tout moment ses informations personnelles (\u00e0 l&rsquo;exception de son nom d&rsquo;utilisateur-ice). Les responsables du site peuvent \u00e9galement consulter et modifier ces informations.<\/p>\n<h3>Les droits que vous avez sur vos donn\u00e9es<\/h3>\n<p>Si vous avez un compte ou avez laiss\u00e9 des commentaires sur le site, vous pouvez demander \u00e0 recevoir un fichier contenant toutes les donn\u00e9es personnelles que nous poss\u00e9dons \u00e0 votre sujet, y compris les donn\u00e9es que vous nous avez fournies. Vous pouvez \u00e9galement demander la suppression de vos donn\u00e9es personnelles. Cela ne prend pas en compte les donn\u00e9es stock\u00e9es \u00e0 des fins administratives, juridiques ou de s\u00e9curit\u00e9.<\/p>\n<h3>Transmission de vos donn\u00e9es personnelles<\/h3>\n<p>Les commentaires des visiteurs peuvent \u00eatre v\u00e9rifi\u00e9s \u00e0 l&rsquo;aide d&rsquo;un service automatis\u00e9 de d\u00e9tection des commentaires ind\u00e9sirables.<\/p>\n<p>Informations de contact<br \/>\nPlus d&rsquo;informations<br \/>\nComment nous prot\u00e9geons vos donn\u00e9es<br \/>\nProc\u00e9dures mises en place en cas de fuite de donn\u00e9es<\/p>\n<p>Services tiers qui nous fournissent des donn\u00e9es<\/p>\n<p>Op\u00e9rations automatis\u00e9es de marketing et\/ou de profilage utilisant des donn\u00e9es personnelles<\/p>\n<p>Affichage des informations relatives aux secteurs soumis \u00e0 une r\u00e9glementation sp\u00e9cifique<\/p>\n","protected":false},"excerpt":{"rendered":"<p>Qui sommes nous? Qui sommes nous? L&rsquo;adresse de notre site internet est : https:\/\/lux.mundi.fr Utilisation des donn\u00e9es personnelles collect\u00e9es Commentaires sur le rapport Lorsque vous laissez un commentaire sur notre site, les donn\u00e9es saisies dans le formulaire de commentaire, mais \u00e9galement votre adresse IP et l&rsquo;agent utilisateur de votre navigateur sont collect\u00e9es pour nous aider [&hellip;]<\/p>\n","protected":false},"author":1,"featured_media":0,"parent":0,"menu_order":0,"comment_status":"closed","ping_status":"open","template":"","meta":{"footnotes":""},"class_list":["post-4969","page","type-page","status-publish","hentry"],"yoast_head":"<!-- This site is optimized with the Yoast SEO plugin v27.3 - https:\/\/yoast.com\/product\/yoast-seo-wordpress\/ -->\n<title>Politique de confidentialit\u00e9 - Lux Mundi<\/title>\n<meta name=\"robots\" content=\"index, follow, max-snippet:-1, max-image-preview:large, max-video-preview:-1\" \/>\n<link rel=\"canonical\" href=\"https:\/\/lux-mundi.co\/fr\/politique-de-confidentialite\/\" \/>\n<meta property=\"og:locale\" content=\"fr_FR\" \/>\n<meta property=\"og:type\" content=\"article\" \/>\n<meta property=\"og:title\" content=\"Politique de confidentialit\u00e9 - Lux Mundi\" \/>\n<meta property=\"og:description\" content=\"Qui sommes nous? Qui sommes nous? L&rsquo;adresse de notre site internet est : https:\/\/lux.mundi.fr Utilisation des donn\u00e9es personnelles collect\u00e9es Commentaires sur le rapport Lorsque vous laissez un commentaire sur notre site, les donn\u00e9es saisies dans le formulaire de commentaire, mais \u00e9galement votre adresse IP et l&rsquo;agent utilisateur de votre navigateur sont collect\u00e9es pour nous aider [&hellip;]\" \/>\n<meta property=\"og:url\" content=\"https:\/\/lux-mundi.co\/fr\/politique-de-confidentialite\/\" \/>\n<meta property=\"og:site_name\" content=\"Lux Mundi\" \/>\n<meta name=\"twitter:card\" content=\"summary_large_image\" \/>\n<meta name=\"twitter:label1\" content=\"Dur\u00e9e de lecture estim\u00e9e\" \/>\n\t<meta name=\"twitter:data1\" content=\"4 minutes\" \/>\n<script type=\"application\/ld+json\" class=\"yoast-schema-graph\">{\"@context\":\"https:\\\/\\\/schema.org\",\"@graph\":[{\"@type\":\"WebPage\",\"@id\":\"https:\\\/\\\/lux-mundi.co\\\/fr\\\/politique-de-confidentialite\\\/\",\"url\":\"https:\\\/\\\/lux-mundi.co\\\/fr\\\/politique-de-confidentialite\\\/\",\"name\":\"Politique de confidentialit\u00e9 - Lux Mundi\",\"isPartOf\":{\"@id\":\"https:\\\/\\\/lux-mundi.co\\\/fr\\\/#website\"},\"datePublished\":\"2022-06-03T13:33:15+00:00\",\"breadcrumb\":{\"@id\":\"https:\\\/\\\/lux-mundi.co\\\/fr\\\/politique-de-confidentialite\\\/#breadcrumb\"},\"inLanguage\":\"fr-FR\",\"potentialAction\":[{\"@type\":\"ReadAction\",\"target\":[\"https:\\\/\\\/lux-mundi.co\\\/fr\\\/politique-de-confidentialite\\\/\"]}]},{\"@type\":\"BreadcrumbList\",\"@id\":\"https:\\\/\\\/lux-mundi.co\\\/fr\\\/politique-de-confidentialite\\\/#breadcrumb\",\"itemListElement\":[{\"@type\":\"ListItem\",\"position\":1,\"name\":\"Home\",\"item\":\"https:\\\/\\\/lux-mundi.co\\\/fr\\\/home-2023\\\/\"},{\"@type\":\"ListItem\",\"position\":2,\"name\":\"Politique de confidentialit\u00e9\"}]},{\"@type\":\"WebSite\",\"@id\":\"https:\\\/\\\/lux-mundi.co\\\/fr\\\/#website\",\"url\":\"https:\\\/\\\/lux-mundi.co\\\/fr\\\/\",\"name\":\"Lux Mundi\",\"description\":\"Catholic Orthodox art &amp; clothing brand\",\"publisher\":{\"@id\":\"https:\\\/\\\/lux-mundi.co\\\/fr\\\/#organization\"},\"potentialAction\":[{\"@type\":\"SearchAction\",\"target\":{\"@type\":\"EntryPoint\",\"urlTemplate\":\"https:\\\/\\\/lux-mundi.co\\\/fr\\\/?s={search_term_string}\"},\"query-input\":{\"@type\":\"PropertyValueSpecification\",\"valueRequired\":true,\"valueName\":\"search_term_string\"}}],\"inLanguage\":\"fr-FR\"},{\"@type\":\"Organization\",\"@id\":\"https:\\\/\\\/lux-mundi.co\\\/fr\\\/#organization\",\"name\":\"Lux Mundi\",\"url\":\"https:\\\/\\\/lux-mundi.co\\\/fr\\\/\",\"logo\":{\"@type\":\"ImageObject\",\"inLanguage\":\"fr-FR\",\"@id\":\"https:\\\/\\\/lux-mundi.co\\\/fr\\\/#\\\/schema\\\/logo\\\/image\\\/\",\"url\":\"https:\\\/\\\/lux-mundi.co\\\/wp-content\\\/uploads\\\/Logo-Lux-Mundi-Solo-Blanc.svg\",\"contentUrl\":\"https:\\\/\\\/lux-mundi.co\\\/wp-content\\\/uploads\\\/Logo-Lux-Mundi-Solo-Blanc.svg\",\"width\":728,\"height\":473,\"caption\":\"Lux Mundi\"},\"image\":{\"@id\":\"https:\\\/\\\/lux-mundi.co\\\/fr\\\/#\\\/schema\\\/logo\\\/image\\\/\"}}]}<\/script>\n<!-- \/ Yoast SEO plugin. -->","yoast_head_json":{"title":"Politique de confidentialit\u00e9 - Lux Mundi","robots":{"index":"index","follow":"follow","max-snippet":"max-snippet:-1","max-image-preview":"max-image-preview:large","max-video-preview":"max-video-preview:-1"},"canonical":"https:\/\/lux-mundi.co\/fr\/politique-de-confidentialite\/","og_locale":"fr_FR","og_type":"article","og_title":"Politique de confidentialit\u00e9 - Lux Mundi","og_description":"Qui sommes nous? Qui sommes nous? L&rsquo;adresse de notre site internet est : https:\/\/lux.mundi.fr Utilisation des donn\u00e9es personnelles collect\u00e9es Commentaires sur le rapport Lorsque vous laissez un commentaire sur notre site, les donn\u00e9es saisies dans le formulaire de commentaire, mais \u00e9galement votre adresse IP et l&rsquo;agent utilisateur de votre navigateur sont collect\u00e9es pour nous aider [&hellip;]","og_url":"https:\/\/lux-mundi.co\/fr\/politique-de-confidentialite\/","og_site_name":"Lux Mundi","twitter_card":"summary_large_image","twitter_misc":{"Dur\u00e9e de lecture estim\u00e9e":"4 minutes"},"schema":{"@context":"https:\/\/schema.org","@graph":[{"@type":"WebPage","@id":"https:\/\/lux-mundi.co\/fr\/politique-de-confidentialite\/","url":"https:\/\/lux-mundi.co\/fr\/politique-de-confidentialite\/","name":"Politique de confidentialit\u00e9 - Lux Mundi","isPartOf":{"@id":"https:\/\/lux-mundi.co\/fr\/#website"},"datePublished":"2022-06-03T13:33:15+00:00","breadcrumb":{"@id":"https:\/\/lux-mundi.co\/fr\/politique-de-confidentialite\/#breadcrumb"},"inLanguage":"fr-FR","potentialAction":[{"@type":"ReadAction","target":["https:\/\/lux-mundi.co\/fr\/politique-de-confidentialite\/"]}]},{"@type":"BreadcrumbList","@id":"https:\/\/lux-mundi.co\/fr\/politique-de-confidentialite\/#breadcrumb","itemListElement":[{"@type":"ListItem","position":1,"name":"Home","item":"https:\/\/lux-mundi.co\/fr\/home-2023\/"},{"@type":"ListItem","position":2,"name":"Politique de confidentialit\u00e9"}]},{"@type":"WebSite","@id":"https:\/\/lux-mundi.co\/fr\/#website","url":"https:\/\/lux-mundi.co\/fr\/","name":"Lux Mundi","description":"Catholic Orthodox art &amp; clothing brand","publisher":{"@id":"https:\/\/lux-mundi.co\/fr\/#organization"},"potentialAction":[{"@type":"SearchAction","target":{"@type":"EntryPoint","urlTemplate":"https:\/\/lux-mundi.co\/fr\/?s={search_term_string}"},"query-input":{"@type":"PropertyValueSpecification","valueRequired":true,"valueName":"search_term_string"}}],"inLanguage":"fr-FR"},{"@type":"Organization","@id":"https:\/\/lux-mundi.co\/fr\/#organization","name":"Lux Mundi","url":"https:\/\/lux-mundi.co\/fr\/","logo":{"@type":"ImageObject","inLanguage":"fr-FR","@id":"https:\/\/lux-mundi.co\/fr\/#\/schema\/logo\/image\/","url":"https:\/\/lux-mundi.co\/wp-content\/uploads\/Logo-Lux-Mundi-Solo-Blanc.svg","contentUrl":"https:\/\/lux-mundi.co\/wp-content\/uploads\/Logo-Lux-Mundi-Solo-Blanc.svg","width":728,"height":473,"caption":"Lux Mundi"},"image":{"@id":"https:\/\/lux-mundi.co\/fr\/#\/schema\/logo\/image\/"}}]}},"_links":{"self":[{"href":"https:\/\/lux-mundi.co\/fr\/wp-json\/wp\/v2\/pages\/4969","targetHints":{"allow":["GET"]}}],"collection":[{"href":"https:\/\/lux-mundi.co\/fr\/wp-json\/wp\/v2\/pages"}],"about":[{"href":"https:\/\/lux-mundi.co\/fr\/wp-json\/wp\/v2\/types\/page"}],"author":[{"embeddable":true,"href":"https:\/\/lux-mundi.co\/fr\/wp-json\/wp\/v2\/users\/1"}],"replies":[{"embeddable":true,"href":"https:\/\/lux-mundi.co\/fr\/wp-json\/wp\/v2\/comments?post=4969"}],"version-history":[{"count":0,"href":"https:\/\/lux-mundi.co\/fr\/wp-json\/wp\/v2\/pages\/4969\/revisions"}],"wp:attachment":[{"href":"https:\/\/lux-mundi.co\/fr\/wp-json\/wp\/v2\/media?parent=4969"}],"curies":[{"name":"wp","href":"https:\/\/api.w.org\/{rel}","templated":true}]}}